{"id":1550,"date":"2024-04-22T17:57:17","date_gmt":"2024-04-22T17:57:17","guid":{"rendered":"https:\/\/gottardoclassic.com\/?page_id=1550"},"modified":"2025-06-04T12:08:16","modified_gmt":"2025-06-04T10:08:16","slug":"motorexpo","status":"publish","type":"page","link":"https:\/\/gottardoclassic.com\/de\/motorexpo\/","title":{"rendered":"MotorExpo"},"content":{"rendered":"<h1  data-animation-delay=\"0\" data-animation-duration=\"1\">\n\t\t\tMotorExpo:\t<\/h1>\n<h1  data-animation-delay=\"0\" data-animation-duration=\"1\">\n\t\t\tUna grande novit\u00e0 alla Gottardo Classic che torner\u00e0 nel 2026\t<\/h1>\n\t\t\t\t<img decoding=\"async\" src=\"https:\/\/gottardoclassic.com\/wp-content\/uploads\/2024\/04\/logo_MotorExpo_Cornice_GC_Negativo-scaled.jpg\" alt=\"logo_MotorExpo_Cornice_GC_Negativo\" itemprop=\"image\" height=\"1700\" width=\"2560\" title=\"logo_MotorExpo_Cornice_GC_Negativo\" onerror=\"this.style.display='none'\" loading='lazy' \/>\n\t<p>L&#8217;ACCT, organizzatrice della Gottardo e della Lugano Classic, ha proposto il MotorExpo in occasione della Gottardo Classic 2024 che si \u00e8 tenuta ad Ambr\u00ec presso la Gottardo Arena il 23 Giugno.<\/p>\n<p>Motor Expo \u00e8 una nuova formula espositiva e interattiva con la presentazione le maggiori novit\u00e0 nel campo dell&#8217;automobile e del motorismo.<\/p>\n<p>Gli spazi espositivi saranno messi a disposizione nel parcheggio antistante l&#8217;ingresso principale della Gottardo Arena attorno al quale ruota l&#8217;intera manifestazione e saranno a disposizioni principalmente di<\/p>\n<ul>\n<li>Autoh\u00e4ndler<\/li>\n<li>Reparaturwerkstatt<\/li>\n<li>Karosserien<\/li>\n<li>Versicherung<\/li>\n<li>Bereifung<\/li>\n<\/ul>\n\t\t\t\t<img decoding=\"async\" src=\"https:\/\/gottardoclassic.com\/wp-content\/uploads\/2024\/04\/MotorExpo_01_DSC_8497.jpg\" alt=\"MotorExpo_01_DSC_8497\" itemprop=\"image\" height=\"1436\" width=\"2154\" title=\"MotorExpo_01_DSC_8497\" onerror=\"this.style.display='none'\" loading='lazy' \/>\n\t\t\t\t<img decoding=\"async\" src=\"https:\/\/gottardoclassic.com\/wp-content\/uploads\/2024\/04\/MotorExpo_02_DSC_8536.jpg\" alt=\"MotorExpo_02_DSC_8536\" itemprop=\"image\" height=\"1436\" width=\"2154\" title=\"MotorExpo_02_DSC_8536\" onerror=\"this.style.display='none'\" loading='lazy' \/>\n\t<p>La Gottardo Classic \u00e8 una manifestazione per auto d&#8217;epoca e Youngtimer, vincitrice 2023 del prestigioso SWISS CLASSIC AWARD | Passion Award Svizzera Italiana e quindi il MotorExpo prevede che a fianco delle ultime novit\u00e0 del mercato ciascun espositore presenti almeno una vettura d&#8217;epoca per sottolineare il legame tra passato e presente.<\/p>\n<p>Sia i partecipanti che il pubblico sono cresciuti molto per gli ultimi anni grazie alle offerte che proponiamo e grazie anche alla promozione che facciamo a livello locale, cantonale, oltre Gottardo e all&#8217;estero con articoli e inserzioni sui principali portali del settore.<\/p>\n<p>Per arricchire la nostra offerta e attirare maggior pubblico al MotorExpo, quest&#8217;anno stiamo mettendo a punto nuove iniziative per il pubblico come la possibilit\u00e0 di effettuare giri panoramici in elicottero.<\/p>\n<p>Auf der MotorExpo kann das Publikum auch einen speziellen Preis f\u00fcr sein Lieblingsauto vergeben, indem es eine Stimmkarte ausf\u00fcllt, mit der es seine Pr\u00e4ferenz ausdr\u00fccken kann.<\/p>\n<p>&nbsp;<\/p>\n<p>Interessierte k\u00f6nnen sich direkt an unsere E-Mail wenden:<\/p>\n<p><a href=\"mailto:marketing@classiscscars.ch\">marketing@classiscscars.ch<\/a><\/p>\n\t\t\t\t<img decoding=\"async\" src=\"https:\/\/gottardoclassic.com\/wp-content\/uploads\/2024\/04\/MotorExpo_03_DSC_8698.jpg\" alt=\"MotorExpo_03_DSC_8698\" itemprop=\"image\" height=\"1436\" width=\"2154\" title=\"MotorExpo_03_DSC_8698\" onerror=\"this.style.display='none'\" loading='lazy' \/>\n\t\t\t\t<img decoding=\"async\" src=\"https:\/\/gottardoclassic.com\/wp-content\/uploads\/2024\/04\/MotorExpo_04_DSC_8708.jpg\" alt=\"MotorExpo_04_DSC_8708\" itemprop=\"image\" height=\"1436\" width=\"2154\" title=\"MotorExpo_04_DSC_8708\" onerror=\"this.style.display='none'\" loading='lazy' \/>\n\t\t<iframe loading=\"lazy\" width=\"450\" height=\"283\" src=\"https:\/\/www.youtube.com\/embed\/3r6_ILHTobw?si=hBhcqqJCbkzO_9p7&amp;controls=0\" title=\"YouTube video player\" frameborder=\"0\" allow=\"accelerometer; autoplay; clipboard-write; encrypted-media; gyroscope; picture-in-picture; web-share\" referrerpolicy=\"strict-origin-when-cross-origin\" allowfullscreen><\/iframe>","protected":false},"excerpt":{"rendered":"<p>MotorExpo: Una grande novit\u00e0 alla Gottardo Classic che torner\u00e0 nel 2026 L&#8217;ACCT, organizzatrice della Gottardo e della Lugano Classic, ha proposto il MotorExpo in occasione della Gottardo Classic 2024 che si \u00e8 tenuta ad Ambr\u00ec presso la Gottardo Arena il 23 Giugno. Motor Expo \u00e8 una nuova formula espositiva e interattiva con la presentazione le &hellip; <\/p>\n<p class=\"link-more\"><a href=\"https:\/\/gottardoclassic.com\/de\/motorexpo\/\" class=\"more-link\">Mehr <span class=\"screen-reader-text\">\u00fcber &#8220;MotorExpo&#8221; <\/span>Lesen<\/a><\/p>","protected":false},"author":2,"featured_media":0,"parent":0,"menu_order":0,"comment_status":"closed","ping_status":"closed","template":"","meta":{"inspiro_hide_title":false,"footnotes":""},"class_list":["post-1550","page","type-page","status-publish","hentry"],"yoast_head":"<!-- This site is optimized with the Yoast SEO plugin v27.5 - https:\/\/yoast.com\/product\/yoast-seo-wordpress\/ -->\n<title>MotorExpo - Gottardo Classic<\/title>\n<meta name=\"robots\" content=\"index, follow, max-snippet:-1, max-image-preview:large, max-video-preview:-1\" \/>\n<link rel=\"canonical\" href=\"https:\/\/gottardoclassic.com\/de\/motorexpo\/\" \/>\n<meta property=\"og:locale\" content=\"de_DE\" \/>\n<meta property=\"og:type\" content=\"article\" \/>\n<meta property=\"og:title\" content=\"MotorExpo - Gottardo Classic\" \/>\n<meta property=\"og:description\" content=\"MotorExpo: Una grande novit\u00e0 alla Gottardo Classic che torner\u00e0 nel 2026 L&#8217;ACCT, organizzatrice della Gottardo e della Lugano Classic, ha proposto il MotorExpo in occasione della Gottardo Classic 2024 che si \u00e8 tenuta ad Ambr\u00ec presso la Gottardo Arena il 23 Giugno. Motor Expo \u00e8 una nuova formula espositiva e interattiva con la presentazione le &hellip; Mehr \u00fcber &quot;MotorExpo&quot; Lesen\" \/>\n<meta property=\"og:url\" content=\"https:\/\/gottardoclassic.com\/de\/motorexpo\/\" \/>\n<meta property=\"og:site_name\" content=\"Gottardo Classic\" \/>\n<meta property=\"article:publisher\" content=\"https:\/\/www.facebook.com\/gottardoclassic\/\" \/>\n<meta property=\"article:modified_time\" content=\"2025-06-04T10:08:16+00:00\" \/>\n<meta property=\"og:image\" content=\"https:\/\/gottardoclassic.com\/wp-content\/uploads\/2024\/04\/logo_MotorExpo_Cornice_GC_Negativo-scaled.jpg\" \/>\n<meta name=\"twitter:card\" content=\"summary_large_image\" \/>\n<meta name=\"twitter:label1\" content=\"Gesch\u00e4tzte Lesezeit\" \/>\n\t<meta name=\"twitter:data1\" content=\"1\u00a0Minute\" \/>\n<script type=\"application\/ld+json\" class=\"yoast-schema-graph\">{\"@context\":\"https:\\\/\\\/schema.org\",\"@graph\":[{\"@type\":\"WebPage\",\"@id\":\"https:\\\/\\\/gottardoclassic.com\\\/motorexpo\\\/\",\"url\":\"https:\\\/\\\/gottardoclassic.com\\\/motorexpo\\\/\",\"name\":\"MotorExpo - Gottardo Classic\",\"isPartOf\":{\"@id\":\"https:\\\/\\\/gottardoclassic.com\\\/#website\"},\"primaryImageOfPage\":{\"@id\":\"https:\\\/\\\/gottardoclassic.com\\\/motorexpo\\\/#primaryimage\"},\"image\":{\"@id\":\"https:\\\/\\\/gottardoclassic.com\\\/motorexpo\\\/#primaryimage\"},\"thumbnailUrl\":\"https:\\\/\\\/gottardoclassic.com\\\/wp-content\\\/uploads\\\/2024\\\/04\\\/logo_MotorExpo_Cornice_GC_Negativo-scaled.jpg\",\"datePublished\":\"2024-04-22T17:57:17+00:00\",\"dateModified\":\"2025-06-04T10:08:16+00:00\",\"breadcrumb\":{\"@id\":\"https:\\\/\\\/gottardoclassic.com\\\/motorexpo\\\/#breadcrumb\"},\"inLanguage\":\"de\",\"potentialAction\":[{\"@type\":\"ReadAction\",\"target\":[\"https:\\\/\\\/gottardoclassic.com\\\/motorexpo\\\/\"]}]},{\"@type\":\"ImageObject\",\"inLanguage\":\"de\",\"@id\":\"https:\\\/\\\/gottardoclassic.com\\\/motorexpo\\\/#primaryimage\",\"url\":\"https:\\\/\\\/gottardoclassic.com\\\/wp-content\\\/uploads\\\/2024\\\/04\\\/logo_MotorExpo_Cornice_GC_Negativo-scaled.jpg\",\"contentUrl\":\"https:\\\/\\\/gottardoclassic.com\\\/wp-content\\\/uploads\\\/2024\\\/04\\\/logo_MotorExpo_Cornice_GC_Negativo-scaled.jpg\"},{\"@type\":\"BreadcrumbList\",\"@id\":\"https:\\\/\\\/gottardoclassic.com\\\/motorexpo\\\/#breadcrumb\",\"itemListElement\":[{\"@type\":\"ListItem\",\"position\":1,\"name\":\"Home\",\"item\":\"https:\\\/\\\/gottardoclassic.com\\\/\"},{\"@type\":\"ListItem\",\"position\":2,\"name\":\"MotorExpo\"}]},{\"@type\":\"WebSite\",\"@id\":\"https:\\\/\\\/gottardoclassic.com\\\/#website\",\"url\":\"https:\\\/\\\/gottardoclassic.com\\\/\",\"name\":\"Gottardo Classic\",\"description\":\"Raduno svizzero d&#039;auto d&#039;epoca\",\"publisher\":{\"@id\":\"https:\\\/\\\/gottardoclassic.com\\\/#organization\"},\"potentialAction\":[{\"@type\":\"SearchAction\",\"target\":{\"@type\":\"EntryPoint\",\"urlTemplate\":\"https:\\\/\\\/gottardoclassic.com\\\/?s={search_term_string}\"},\"query-input\":{\"@type\":\"PropertyValueSpecification\",\"valueRequired\":true,\"valueName\":\"search_term_string\"}}],\"inLanguage\":\"de\"},{\"@type\":\"Organization\",\"@id\":\"https:\\\/\\\/gottardoclassic.com\\\/#organization\",\"name\":\"Gottardo Classic\",\"url\":\"https:\\\/\\\/gottardoclassic.com\\\/\",\"logo\":{\"@type\":\"ImageObject\",\"inLanguage\":\"de\",\"@id\":\"https:\\\/\\\/gottardoclassic.com\\\/#\\\/schema\\\/logo\\\/image\\\/\",\"url\":\"https:\\\/\\\/gottardoclassic.com\\\/wp-content\\\/uploads\\\/2022\\\/04\\\/4322_GottardoClassic2022_logo.png\",\"contentUrl\":\"https:\\\/\\\/gottardoclassic.com\\\/wp-content\\\/uploads\\\/2022\\\/04\\\/4322_GottardoClassic2022_logo.png\",\"width\":2313,\"height\":2317,\"caption\":\"Gottardo Classic\"},\"image\":{\"@id\":\"https:\\\/\\\/gottardoclassic.com\\\/#\\\/schema\\\/logo\\\/image\\\/\"},\"sameAs\":[\"https:\\\/\\\/www.facebook.com\\\/gottardoclassic\\\/\",\"https:\\\/\\\/www.instagram.com\\\/gottardo_classic\\\/\"]}]}<\/script>\n<!-- \/ Yoast SEO plugin. -->","yoast_head_json":{"title":"MotorExpo - Gottardo Classic","robots":{"index":"index","follow":"follow","max-snippet":"max-snippet:-1","max-image-preview":"max-image-preview:large","max-video-preview":"max-video-preview:-1"},"canonical":"https:\/\/gottardoclassic.com\/de\/motorexpo\/","og_locale":"de_DE","og_type":"article","og_title":"MotorExpo - Gottardo Classic","og_description":"MotorExpo: Una grande novit\u00e0 alla Gottardo Classic che torner\u00e0 nel 2026 L&#8217;ACCT, organizzatrice della Gottardo e della Lugano Classic, ha proposto il MotorExpo in occasione della Gottardo Classic 2024 che si \u00e8 tenuta ad Ambr\u00ec presso la Gottardo Arena il 23 Giugno. Motor Expo \u00e8 una nuova formula espositiva e interattiva con la presentazione le &hellip; Mehr \u00fcber \"MotorExpo\" Lesen","og_url":"https:\/\/gottardoclassic.com\/de\/motorexpo\/","og_site_name":"Gottardo Classic","article_publisher":"https:\/\/www.facebook.com\/gottardoclassic\/","article_modified_time":"2025-06-04T10:08:16+00:00","og_image":[{"url":"https:\/\/gottardoclassic.com\/wp-content\/uploads\/2024\/04\/logo_MotorExpo_Cornice_GC_Negativo-scaled.jpg","type":"","width":"","height":""}],"twitter_card":"summary_large_image","twitter_misc":{"Gesch\u00e4tzte Lesezeit":"1\u00a0Minute"},"schema":{"@context":"https:\/\/schema.org","@graph":[{"@type":"WebPage","@id":"https:\/\/gottardoclassic.com\/motorexpo\/","url":"https:\/\/gottardoclassic.com\/motorexpo\/","name":"MotorExpo - Gottardo Classic","isPartOf":{"@id":"https:\/\/gottardoclassic.com\/#website"},"primaryImageOfPage":{"@id":"https:\/\/gottardoclassic.com\/motorexpo\/#primaryimage"},"image":{"@id":"https:\/\/gottardoclassic.com\/motorexpo\/#primaryimage"},"thumbnailUrl":"https:\/\/gottardoclassic.com\/wp-content\/uploads\/2024\/04\/logo_MotorExpo_Cornice_GC_Negativo-scaled.jpg","datePublished":"2024-04-22T17:57:17+00:00","dateModified":"2025-06-04T10:08:16+00:00","breadcrumb":{"@id":"https:\/\/gottardoclassic.com\/motorexpo\/#breadcrumb"},"inLanguage":"de","potentialAction":[{"@type":"ReadAction","target":["https:\/\/gottardoclassic.com\/motorexpo\/"]}]},{"@type":"ImageObject","inLanguage":"de","@id":"https:\/\/gottardoclassic.com\/motorexpo\/#primaryimage","url":"https:\/\/gottardoclassic.com\/wp-content\/uploads\/2024\/04\/logo_MotorExpo_Cornice_GC_Negativo-scaled.jpg","contentUrl":"https:\/\/gottardoclassic.com\/wp-content\/uploads\/2024\/04\/logo_MotorExpo_Cornice_GC_Negativo-scaled.jpg"},{"@type":"BreadcrumbList","@id":"https:\/\/gottardoclassic.com\/motorexpo\/#breadcrumb","itemListElement":[{"@type":"ListItem","position":1,"name":"Home","item":"https:\/\/gottardoclassic.com\/"},{"@type":"ListItem","position":2,"name":"MotorExpo"}]},{"@type":"WebSite","@id":"https:\/\/gottardoclassic.com\/#website","url":"https:\/\/gottardoclassic.com\/","name":"Gottardo Classic","description":"Schweizer Oldtimer Treffen","publisher":{"@id":"https:\/\/gottardoclassic.com\/#organization"},"potentialAction":[{"@type":"SearchAction","target":{"@type":"EntryPoint","urlTemplate":"https:\/\/gottardoclassic.com\/?s={search_term_string}"},"query-input":{"@type":"PropertyValueSpecification","valueRequired":true,"valueName":"search_term_string"}}],"inLanguage":"de"},{"@type":"Organization","@id":"https:\/\/gottardoclassic.com\/#organization","name":"Gottardo Classic","url":"https:\/\/gottardoclassic.com\/","logo":{"@type":"ImageObject","inLanguage":"de","@id":"https:\/\/gottardoclassic.com\/#\/schema\/logo\/image\/","url":"https:\/\/gottardoclassic.com\/wp-content\/uploads\/2022\/04\/4322_GottardoClassic2022_logo.png","contentUrl":"https:\/\/gottardoclassic.com\/wp-content\/uploads\/2022\/04\/4322_GottardoClassic2022_logo.png","width":2313,"height":2317,"caption":"Gottardo Classic"},"image":{"@id":"https:\/\/gottardoclassic.com\/#\/schema\/logo\/image\/"},"sameAs":["https:\/\/www.facebook.com\/gottardoclassic\/","https:\/\/www.instagram.com\/gottardo_classic\/"]}]}},"jetpack_sharing_enabled":true,"_links":{"self":[{"href":"https:\/\/gottardoclassic.com\/de\/wp-json\/wp\/v2\/pages\/1550","targetHints":{"allow":["GET"]}}],"collection":[{"href":"https:\/\/gottardoclassic.com\/de\/wp-json\/wp\/v2\/pages"}],"about":[{"href":"https:\/\/gottardoclassic.com\/de\/wp-json\/wp\/v2\/types\/page"}],"author":[{"embeddable":true,"href":"https:\/\/gottardoclassic.com\/de\/wp-json\/wp\/v2\/users\/2"}],"replies":[{"embeddable":true,"href":"https:\/\/gottardoclassic.com\/de\/wp-json\/wp\/v2\/comments?post=1550"}],"version-history":[{"count":20,"href":"https:\/\/gottardoclassic.com\/de\/wp-json\/wp\/v2\/pages\/1550\/revisions"}],"predecessor-version":[{"id":1955,"href":"https:\/\/gottardoclassic.com\/de\/wp-json\/wp\/v2\/pages\/1550\/revisions\/1955"}],"wp:attachment":[{"href":"https:\/\/gottardoclassic.com\/de\/wp-json\/wp\/v2\/media?parent=1550"}],"curies":[{"name":"wp","href":"https:\/\/api.w.org\/{rel}","templated":true}]}}