{"id":824,"date":"2022-09-01T16:02:49","date_gmt":"2022-09-01T16:02:49","guid":{"rendered":"https:\/\/gottardoclassic.com\/?page_id=824"},"modified":"2024-03-31T18:51:53","modified_gmt":"2024-03-31T18:51:53","slug":"foto-2022","status":"publish","type":"page","link":"https:\/\/gottardoclassic.com\/de\/foto-2022\/","title":{"rendered":"Fotos 2022"},"content":{"rendered":"<div class=\"wp-block-jetpack-tiled-gallery aligncenter is-style-square\"><div class=\"tiled-gallery__gallery\"><div class=\"tiled-gallery__row columns-3\"><div class=\"tiled-gallery__col\"><figure class=\"tiled-gallery__item\"><img decoding=\"async\" srcset=\"https:\/\/i1.wp.com\/gottardoclassic.com\/wp-content\/uploads\/2022\/08\/DSC6540-min-1024x683.jpg?resize=600%2C600&#038;strip=info&#038;ssl=1 600w,https:\/\/i1.wp.com\/gottardoclassic.com\/wp-content\/uploads\/2022\/08\/DSC6540-min-1024x683.jpg?resize=900%2C900&#038;strip=info&#038;ssl=1 900w,https:\/\/i1.wp.com\/gottardoclassic.com\/wp-content\/uploads\/2022\/08\/DSC6540-min-1024x683.jpg?resize=1200%2C1200&#038;strip=info&#038;ssl=1 1200w,https:\/\/i1.wp.com\/gottardoclassic.com\/wp-content\/uploads\/2022\/08\/DSC6540-min-1024x683.jpg?resize=1500%2C1500&#038;strip=info&#038;ssl=1 1500w,https:\/\/i1.wp.com\/gottardoclassic.com\/wp-content\/uploads\/2022\/08\/DSC6540-min-1024x683.jpg?resize=1707%2C1707&#038;strip=info&#038;ssl=1 1707w\" alt=\"\" data-height=\"1707\" data-id=\"457\" data-link=\"https:\/\/gottardoclassic.com\/_dsc6540-min\/\" data-url=\"https:\/\/gottardoclassic.com\/wp-content\/uploads\/2022\/08\/DSC6540-min-1024x683.jpg\" data-width=\"2560\" src=\"https:\/\/i1.wp.com\/gottardoclassic.com\/wp-content\/uploads\/2022\/08\/DSC6540-min-1024x683.jpg?ssl=1&amp;resize=1707%2C1707\" data-amp-layout=\"responsive\"\/><\/figure><\/div><div class=\"tiled-gallery__col\"><figure class=\"tiled-gallery__item\"><img decoding=\"async\" srcset=\"https:\/\/i2.wp.com\/gottardoclassic.com\/wp-content\/uploads\/2022\/08\/DSC6711-min-1024x683.jpg?resize=600%2C600&#038;strip=info&#038;ssl=1 600w,https:\/\/i2.wp.com\/gottardoclassic.com\/wp-content\/uploads\/2022\/08\/DSC6711-min-1024x683.jpg?resize=900%2C900&#038;strip=info&#038;ssl=1 900w,https:\/\/i2.wp.com\/gottardoclassic.com\/wp-content\/uploads\/2022\/08\/DSC6711-min-1024x683.jpg?resize=1200%2C1200&#038;strip=info&#038;ssl=1 1200w,https:\/\/i2.wp.com\/gottardoclassic.com\/wp-content\/uploads\/2022\/08\/DSC6711-min-1024x683.jpg?resize=1500%2C1500&#038;strip=info&#038;ssl=1 1500w,https:\/\/i2.wp.com\/gottardoclassic.com\/wp-content\/uploads\/2022\/08\/DSC6711-min-1024x683.jpg?resize=1707%2C1707&#038;strip=info&#038;ssl=1 1707w\" alt=\"\" data-height=\"1707\" data-id=\"654\" data-link=\"https:\/\/gottardoclassic.com\/_dsc6711-min\/\" data-url=\"https:\/\/gottardoclassic.com\/wp-content\/uploads\/2022\/08\/DSC6711-min-1024x683.jpg\" data-width=\"2560\" src=\"https:\/\/i2.wp.com\/gottardoclassic.com\/wp-content\/uploads\/2022\/08\/DSC6711-min-1024x683.jpg?ssl=1&amp;resize=1707%2C1707\" data-amp-layout=\"responsive\"\/><\/figure><\/div><div class=\"tiled-gallery__col\"><figure class=\"tiled-gallery__item\"><img decoding=\"async\" srcset=\"https:\/\/i1.wp.com\/gottardoclassic.com\/wp-content\/uploads\/2022\/08\/DSC_3814_1-min-1024x1024.jpg?resize=600%2C600&#038;strip=info&#038;ssl=1 600w,https:\/\/i1.wp.com\/gottardoclassic.com\/wp-content\/uploads\/2022\/08\/DSC_3814_1-min-1024x1024.jpg?resize=900%2C900&#038;strip=info&#038;ssl=1 900w,https:\/\/i1.wp.com\/gottardoclassic.com\/wp-content\/uploads\/2022\/08\/DSC_3814_1-min-1024x1024.jpg?resize=1200%2C1200&#038;strip=info&#038;ssl=1 1200w,https:\/\/i1.wp.com\/gottardoclassic.com\/wp-content\/uploads\/2022\/08\/DSC_3814_1-min-1024x1024.jpg?resize=1500%2C1500&#038;strip=info&#038;ssl=1 1500w,https:\/\/i1.wp.com\/gottardoclassic.com\/wp-content\/uploads\/2022\/08\/DSC_3814_1-min-1024x1024.jpg?resize=1800%2C1800&#038;strip=info&#038;ssl=1 1800w,https:\/\/i1.wp.com\/gottardoclassic.com\/wp-content\/uploads\/2022\/08\/DSC_3814_1-min-1024x1024.jpg?resize=2000%2C2000&#038;strip=info&#038;ssl=1 2000w\" alt=\"\" data-height=\"2560\" data-id=\"723\" data-link=\"https:\/\/gottardoclassic.com\/dsc_3814_1-min\/\" data-url=\"https:\/\/gottardoclassic.com\/wp-content\/uploads\/2022\/08\/DSC_3814_1-min-1024x1024.jpg\" data-width=\"2560\" src=\"https:\/\/i1.wp.com\/gottardoclassic.com\/wp-content\/uploads\/2022\/08\/DSC_3814_1-min-1024x1024.jpg?ssl=1&amp;resize=2000%2C2000\" data-amp-layout=\"responsive\"\/><\/figure><\/div><\/div><\/div><\/div>\n\n\n\n<div style=\"height:100px\" aria-hidden=\"true\" class=\"wp-block-spacer\"><\/div>\n\n\n\n<div class=\"wp-block-buttons is-content-justification-center is-layout-flex wp-container-core-buttons-is-layout-a89b3969 wp-block-buttons-is-layout-flex\">\n<div class=\"wp-block-button is-style-outline is-style-outline--1\"><a class=\"wp-block-button__link wp-element-button\" href=\"https:\/\/gottardoclassic.com\/de\/parco-veicoli-2022\/\">Fahrzeugpark (ERNESTO WISLER)<\/a><\/div>\n\n\n\n<div class=\"wp-block-button is-style-outline is-style-outline--2\"><a class=\"wp-block-button__link wp-element-button\" href=\"https:\/\/gottardoclassic.com\/de\/partenza-percorso-b-2022\/\">Beginn der Route B (ERNESTO WISLER)<\/a><\/div>\n<\/div>\n\n\n\n<div style=\"height:107px\" aria-hidden=\"true\" class=\"wp-block-spacer\"><\/div>\n\n\n\n<div class=\"wp-block-buttons is-content-justification-center is-layout-flex wp-container-core-buttons-is-layout-a89b3969 wp-block-buttons-is-layout-flex\">\n<div class=\"wp-block-button is-style-outline is-style-outline--3\"><a class=\"wp-block-button__link wp-element-button\" href=\"https:\/\/gottardoclassic.com\/de\/premiazioni-2022\/\">Preisverleihung (ERNESTO WISLER)<\/a><\/div>\n\n\n\n<div class=\"wp-block-button is-style-outline is-style-outline--4\"><a class=\"wp-block-button__link wp-element-button\" href=\"https:\/\/gottardoclassic.com\/de\/gara-regolarita-2022\/\">COMPETITION (ERNESTO WISLER)<\/a><\/div>\n<\/div>\n\n\n\n<div style=\"height:123px\" aria-hidden=\"true\" class=\"wp-block-spacer\"><\/div>\n\n\n\n<div class=\"wp-block-buttons is-content-justification-center is-layout-flex wp-container-core-buttons-is-layout-a89b3969 wp-block-buttons-is-layout-flex\">\n<div class=\"wp-block-button is-style-outline is-style-outline--5\"><a class=\"wp-block-button__link wp-element-button\" href=\"https:\/\/gottardoclassic.com\/de\/foto-2022-aldo\/\">FOTOS (ALDO REGGIANI)<\/a><\/div>\n\n\n\n<div class=\"wp-block-button is-style-outline is-style-outline--6\"><a class=\"wp-block-button__link wp-element-button\" href=\"https:\/\/gottardoclassic.com\/de\/foto-2022-2\/\">FOTOS (MARCO MALOSSA)<\/a><\/div>\n<\/div>\n\n\n\n<div style=\"height:116px\" aria-hidden=\"true\" class=\"wp-block-spacer\"><\/div>\n\n\n\n<p class=\"has-text-align-center\"><a href=\"https:\/\/rallye-rohr.ch\/events\/gottardo-classic-2022\">Zudem k\u00f6nnen Sie hier Fotos des Fotografen J\u00fcrg Rohr ansehen und kaufen<\/a><\/p>\n\n\n\n<div style=\"height:137px\" aria-hidden=\"true\" class=\"wp-block-spacer\"><\/div>","protected":false},"excerpt":{"rendered":"<p>Zudem k\u00f6nnen Sie hier Fotos des Fotografen J\u00fcrg Rohr ansehen und kaufen<\/p>","protected":false},"author":2,"featured_media":0,"parent":0,"menu_order":0,"comment_status":"closed","ping_status":"closed","template":"","meta":{"inspiro_hide_title":false,"footnotes":""},"class_list":["post-824","page","type-page","status-publish","hentry"],"yoast_head":"<!-- This site is optimized with the Yoast SEO plugin v27.5 - https:\/\/yoast.com\/product\/yoast-seo-wordpress\/ -->\n<title>Foto 2022 - Gottardo Classic<\/title>\n<meta name=\"robots\" content=\"index, follow, max-snippet:-1, max-image-preview:large, max-video-preview:-1\" \/>\n<link rel=\"canonical\" href=\"https:\/\/gottardoclassic.com\/de\/foto-2022\/\" \/>\n<meta property=\"og:locale\" content=\"de_DE\" \/>\n<meta property=\"og:type\" content=\"article\" \/>\n<meta property=\"og:title\" content=\"Foto 2022 - Gottardo Classic\" \/>\n<meta property=\"og:description\" content=\"Inoltre, cliccando qu\u00ec \u00e8 possibile visionare ed acquistare le foto del fotografo J\u00fcrg Rohr\" \/>\n<meta property=\"og:url\" content=\"https:\/\/gottardoclassic.com\/de\/foto-2022\/\" \/>\n<meta property=\"og:site_name\" content=\"Gottardo Classic\" \/>\n<meta property=\"article:publisher\" content=\"https:\/\/www.facebook.com\/gottardoclassic\/\" \/>\n<meta property=\"article:modified_time\" content=\"2024-03-31T18:51:53+00:00\" \/>\n<meta property=\"og:image\" content=\"https:\/\/i1.wp.com\/gottardoclassic.com\/wp-content\/uploads\/2022\/08\/DSC6540-min-1024x683.jpg?ssl=1&amp;resize=1707%2C1707\" \/>\n<meta name=\"twitter:card\" content=\"summary_large_image\" \/>\n<meta name=\"twitter:label1\" content=\"Gesch\u00e4tzte Lesezeit\" \/>\n\t<meta name=\"twitter:data1\" content=\"1 minute\" \/>\n<script type=\"application\/ld+json\" class=\"yoast-schema-graph\">{\"@context\":\"https:\\\/\\\/schema.org\",\"@graph\":[{\"@type\":\"WebPage\",\"@id\":\"https:\\\/\\\/gottardoclassic.com\\\/foto-2022\\\/\",\"url\":\"https:\\\/\\\/gottardoclassic.com\\\/foto-2022\\\/\",\"name\":\"Foto 2022 - Gottardo Classic\",\"isPartOf\":{\"@id\":\"https:\\\/\\\/gottardoclassic.com\\\/#website\"},\"primaryImageOfPage\":{\"@id\":\"https:\\\/\\\/gottardoclassic.com\\\/foto-2022\\\/#primaryimage\"},\"image\":{\"@id\":\"https:\\\/\\\/gottardoclassic.com\\\/foto-2022\\\/#primaryimage\"},\"thumbnailUrl\":\"https:\\\/\\\/i1.wp.com\\\/gottardoclassic.com\\\/wp-content\\\/uploads\\\/2022\\\/08\\\/DSC6540-min-1024x683.jpg?ssl=1&amp;resize=1707%2C1707\",\"datePublished\":\"2022-09-01T16:02:49+00:00\",\"dateModified\":\"2024-03-31T18:51:53+00:00\",\"breadcrumb\":{\"@id\":\"https:\\\/\\\/gottardoclassic.com\\\/foto-2022\\\/#breadcrumb\"},\"inLanguage\":\"de-DE\",\"potentialAction\":[{\"@type\":\"ReadAction\",\"target\":[\"https:\\\/\\\/gottardoclassic.com\\\/foto-2022\\\/\"]}]},{\"@type\":\"ImageObject\",\"inLanguage\":\"de-DE\",\"@id\":\"https:\\\/\\\/gottardoclassic.com\\\/foto-2022\\\/#primaryimage\",\"url\":\"https:\\\/\\\/i1.wp.com\\\/gottardoclassic.com\\\/wp-content\\\/uploads\\\/2022\\\/08\\\/DSC6540-min-1024x683.jpg?ssl=1&amp;resize=1707%2C1707\",\"contentUrl\":\"https:\\\/\\\/i1.wp.com\\\/gottardoclassic.com\\\/wp-content\\\/uploads\\\/2022\\\/08\\\/DSC6540-min-1024x683.jpg?ssl=1&amp;resize=1707%2C1707\"},{\"@type\":\"BreadcrumbList\",\"@id\":\"https:\\\/\\\/gottardoclassic.com\\\/foto-2022\\\/#breadcrumb\",\"itemListElement\":[{\"@type\":\"ListItem\",\"position\":1,\"name\":\"Home\",\"item\":\"https:\\\/\\\/gottardoclassic.com\\\/\"},{\"@type\":\"ListItem\",\"position\":2,\"name\":\"Foto 2022\"}]},{\"@type\":\"WebSite\",\"@id\":\"https:\\\/\\\/gottardoclassic.com\\\/#website\",\"url\":\"https:\\\/\\\/gottardoclassic.com\\\/\",\"name\":\"Gottardo Classic\",\"description\":\"Raduno svizzero d&#039;auto d&#039;epoca\",\"publisher\":{\"@id\":\"https:\\\/\\\/gottardoclassic.com\\\/#organization\"},\"potentialAction\":[{\"@type\":\"SearchAction\",\"target\":{\"@type\":\"EntryPoint\",\"urlTemplate\":\"https:\\\/\\\/gottardoclassic.com\\\/?s={search_term_string}\"},\"query-input\":{\"@type\":\"PropertyValueSpecification\",\"valueRequired\":true,\"valueName\":\"search_term_string\"}}],\"inLanguage\":\"de-DE\"},{\"@type\":\"Organization\",\"@id\":\"https:\\\/\\\/gottardoclassic.com\\\/#organization\",\"name\":\"Gottardo Classic\",\"url\":\"https:\\\/\\\/gottardoclassic.com\\\/\",\"logo\":{\"@type\":\"ImageObject\",\"inLanguage\":\"de-DE\",\"@id\":\"https:\\\/\\\/gottardoclassic.com\\\/#\\\/schema\\\/logo\\\/image\\\/\",\"url\":\"https:\\\/\\\/gottardoclassic.com\\\/wp-content\\\/uploads\\\/2022\\\/04\\\/4322_GottardoClassic2022_logo.png\",\"contentUrl\":\"https:\\\/\\\/gottardoclassic.com\\\/wp-content\\\/uploads\\\/2022\\\/04\\\/4322_GottardoClassic2022_logo.png\",\"width\":2313,\"height\":2317,\"caption\":\"Gottardo Classic\"},\"image\":{\"@id\":\"https:\\\/\\\/gottardoclassic.com\\\/#\\\/schema\\\/logo\\\/image\\\/\"},\"sameAs\":[\"https:\\\/\\\/www.facebook.com\\\/gottardoclassic\\\/\",\"https:\\\/\\\/www.instagram.com\\\/gottardo_classic\\\/\"]}]}<\/script>\n<!-- \/ Yoast SEO plugin. -->","yoast_head_json":{"title":"Foto 2022 - Gottardo Classic","robots":{"index":"index","follow":"follow","max-snippet":"max-snippet:-1","max-image-preview":"max-image-preview:large","max-video-preview":"max-video-preview:-1"},"canonical":"https:\/\/gottardoclassic.com\/de\/foto-2022\/","og_locale":"de_DE","og_type":"article","og_title":"Foto 2022 - Gottardo Classic","og_description":"Inoltre, cliccando qu\u00ec \u00e8 possibile visionare ed acquistare le foto del fotografo J\u00fcrg Rohr","og_url":"https:\/\/gottardoclassic.com\/de\/foto-2022\/","og_site_name":"Gottardo Classic","article_publisher":"https:\/\/www.facebook.com\/gottardoclassic\/","article_modified_time":"2024-03-31T18:51:53+00:00","og_image":[{"url":"https:\/\/i1.wp.com\/gottardoclassic.com\/wp-content\/uploads\/2022\/08\/DSC6540-min-1024x683.jpg?ssl=1&amp;resize=1707%2C1707","type":"","width":"","height":""}],"twitter_card":"summary_large_image","twitter_misc":{"Gesch\u00e4tzte Lesezeit":"1 minute"},"schema":{"@context":"https:\/\/schema.org","@graph":[{"@type":"WebPage","@id":"https:\/\/gottardoclassic.com\/foto-2022\/","url":"https:\/\/gottardoclassic.com\/foto-2022\/","name":"Foto 2022 - Gottardo Classic","isPartOf":{"@id":"https:\/\/gottardoclassic.com\/#website"},"primaryImageOfPage":{"@id":"https:\/\/gottardoclassic.com\/foto-2022\/#primaryimage"},"image":{"@id":"https:\/\/gottardoclassic.com\/foto-2022\/#primaryimage"},"thumbnailUrl":"https:\/\/i1.wp.com\/gottardoclassic.com\/wp-content\/uploads\/2022\/08\/DSC6540-min-1024x683.jpg?ssl=1&amp;resize=1707%2C1707","datePublished":"2022-09-01T16:02:49+00:00","dateModified":"2024-03-31T18:51:53+00:00","breadcrumb":{"@id":"https:\/\/gottardoclassic.com\/foto-2022\/#breadcrumb"},"inLanguage":"de-DE","potentialAction":[{"@type":"ReadAction","target":["https:\/\/gottardoclassic.com\/foto-2022\/"]}]},{"@type":"ImageObject","inLanguage":"de-DE","@id":"https:\/\/gottardoclassic.com\/foto-2022\/#primaryimage","url":"https:\/\/i1.wp.com\/gottardoclassic.com\/wp-content\/uploads\/2022\/08\/DSC6540-min-1024x683.jpg?ssl=1&amp;resize=1707%2C1707","contentUrl":"https:\/\/i1.wp.com\/gottardoclassic.com\/wp-content\/uploads\/2022\/08\/DSC6540-min-1024x683.jpg?ssl=1&amp;resize=1707%2C1707"},{"@type":"BreadcrumbList","@id":"https:\/\/gottardoclassic.com\/foto-2022\/#breadcrumb","itemListElement":[{"@type":"ListItem","position":1,"name":"Home","item":"https:\/\/gottardoclassic.com\/"},{"@type":"ListItem","position":2,"name":"Foto 2022"}]},{"@type":"WebSite","@id":"https:\/\/gottardoclassic.com\/#website","url":"https:\/\/gottardoclassic.com\/","name":"Gottardo Classic","description":"Schweizer Oldtimer Treffen","publisher":{"@id":"https:\/\/gottardoclassic.com\/#organization"},"potentialAction":[{"@type":"SearchAction","target":{"@type":"EntryPoint","urlTemplate":"https:\/\/gottardoclassic.com\/?s={search_term_string}"},"query-input":{"@type":"PropertyValueSpecification","valueRequired":true,"valueName":"search_term_string"}}],"inLanguage":"de-DE"},{"@type":"Organization","@id":"https:\/\/gottardoclassic.com\/#organization","name":"Gottardo Classic","url":"https:\/\/gottardoclassic.com\/","logo":{"@type":"ImageObject","inLanguage":"de-DE","@id":"https:\/\/gottardoclassic.com\/#\/schema\/logo\/image\/","url":"https:\/\/gottardoclassic.com\/wp-content\/uploads\/2022\/04\/4322_GottardoClassic2022_logo.png","contentUrl":"https:\/\/gottardoclassic.com\/wp-content\/uploads\/2022\/04\/4322_GottardoClassic2022_logo.png","width":2313,"height":2317,"caption":"Gottardo Classic"},"image":{"@id":"https:\/\/gottardoclassic.com\/#\/schema\/logo\/image\/"},"sameAs":["https:\/\/www.facebook.com\/gottardoclassic\/","https:\/\/www.instagram.com\/gottardo_classic\/"]}]}},"jetpack_sharing_enabled":true,"_links":{"self":[{"href":"https:\/\/gottardoclassic.com\/de\/wp-json\/wp\/v2\/pages\/824","targetHints":{"allow":["GET"]}}],"collection":[{"href":"https:\/\/gottardoclassic.com\/de\/wp-json\/wp\/v2\/pages"}],"about":[{"href":"https:\/\/gottardoclassic.com\/de\/wp-json\/wp\/v2\/types\/page"}],"author":[{"embeddable":true,"href":"https:\/\/gottardoclassic.com\/de\/wp-json\/wp\/v2\/users\/2"}],"replies":[{"embeddable":true,"href":"https:\/\/gottardoclassic.com\/de\/wp-json\/wp\/v2\/comments?post=824"}],"version-history":[{"count":16,"href":"https:\/\/gottardoclassic.com\/de\/wp-json\/wp\/v2\/pages\/824\/revisions"}],"predecessor-version":[{"id":1530,"href":"https:\/\/gottardoclassic.com\/de\/wp-json\/wp\/v2\/pages\/824\/revisions\/1530"}],"wp:attachment":[{"href":"https:\/\/gottardoclassic.com\/de\/wp-json\/wp\/v2\/media?parent=824"}],"curies":[{"name":"wp","href":"https:\/\/api.w.org\/{rel}","templated":true}]}}